{"id":1269,"date":"2021-02-23T15:53:46","date_gmt":"2021-02-23T14:53:46","guid":{"rendered":"https:\/\/www.youngfilms.de\/?page_id=1269"},"modified":"2025-11-03T15:11:00","modified_gmt":"2025-11-03T14:11:00","slug":"team","status":"publish","type":"page","link":"https:\/\/www.youngfilms.de\/de\/team\/","title":{"rendered":"Team"},"content":{"rendered":"<div id='av_section_1'  class='avia-section main_color avia-section-default avia-no-border-styling  avia-bg-style-scroll  avia-builder-el-0  el_before_av_section  avia-builder-el-first   container_wrap sidebar_right' style=' '  ><div class='container' ><main  role=\"main\" itemprop=\"mainContentOfPage\"  class='template-page content  av-content-small alpha units'><div class='post-entry post-entry-type-page post-entry-1269'><div class='entry-content-wrapper clearfix'>\n<div  class='avia-image-container avia_animated_image avia_animate_when_almost_visible pop-up av-styling-no-styling    avia-builder-el-1  avia-builder-el-no-sibling  avia-align-center '  itemprop=\"image\" itemscope=\"itemscope\" itemtype=\"https:\/\/schema.org\/ImageObject\"  ><div class='avia-image-container-inner'><div class='avia-image-overlay-wrap'><img decoding=\"async\" class='wp-image-2488 avia-img-lazy-loading-not-2488 avia_image' src=\"https:\/\/www.youngfilms.de\/wp-content\/uploads\/2021\/06\/yf-linkedin.jpg\" alt='' title='yf-linkedin' height=\"191\" width=\"1128\"  itemprop=\"thumbnailUrl\" srcset=\"https:\/\/www.youngfilms.de\/wp-content\/uploads\/2021\/06\/yf-linkedin.jpg 1128w, https:\/\/www.youngfilms.de\/wp-content\/uploads\/2021\/06\/yf-linkedin-300x51.jpg 300w, https:\/\/www.youngfilms.de\/wp-content\/uploads\/2021\/06\/yf-linkedin-1030x174.jpg 1030w, https:\/\/www.youngfilms.de\/wp-content\/uploads\/2021\/06\/yf-linkedin-80x14.jpg 80w, https:\/\/www.youngfilms.de\/wp-content\/uploads\/2021\/06\/yf-linkedin-768x130.jpg 768w, https:\/\/www.youngfilms.de\/wp-content\/uploads\/2021\/06\/yf-linkedin-705x119.jpg 705w\" sizes=\"(max-width: 1128px) 100vw, 1128px\" \/><\/div><\/div><\/div>\n<\/div><\/div><\/main><!-- close content main element --><\/div><\/div><div id='av_section_2'  class='avia-section main_color avia-section-default avia-no-border-styling  avia-bg-style-scroll  avia-builder-el-2  el_after_av_section  el_before_av_section   container_wrap sidebar_right' style=' '  ><div class='container' ><div class='template-page content  av-content-small alpha units'><div class='post-entry post-entry-type-page post-entry-1269'><div class='entry-content-wrapper clearfix'>\n<\/div><\/div><\/div><!-- close content main div --><\/div><\/div><div id='av_section_3'  class='avia-section main_color avia-section-default avia-no-border-styling  avia-bg-style-scroll  avia-builder-el-3  el_after_av_section  avia-builder-el-last   container_wrap sidebar_right' style=' '  ><div class='container' ><div class='template-page content  av-content-small alpha units'><div class='post-entry post-entry-type-page post-entry-1269'><div class='entry-content-wrapper clearfix'>\n<div class='flex_column_table av-equal-height-column-flextable -flextable' ><div class=\"flex_column av_one_half  flex_column_table_cell av-equal-height-column av-align-middle av-zero-column-padding first  avia-builder-el-4  el_before_av_one_half  avia-builder-el-first  \" style='border-radius:0px; '><div  class='avia-image-container avia_animated_image avia_animate_when_almost_visible pop-up av-styling-no-styling    avia-builder-el-5  avia-builder-el-no-sibling  avia-align-center '  itemprop=\"image\" itemscope=\"itemscope\" itemtype=\"https:\/\/schema.org\/ImageObject\"  ><div class='avia-image-container-inner'><div class='avia-image-overlay-wrap'><img decoding=\"async\" class='wp-image-3450 avia-img-lazy-loading-not-3450 avia_image' src=\"https:\/\/www.youngfilms.de\/wp-content\/uploads\/2025\/11\/MG_3062_4c-495x400.jpg\" alt='' title='_MG_3062_4c' height=\"400\" width=\"495\"  itemprop=\"thumbnailUrl\" srcset=\"https:\/\/www.youngfilms.de\/wp-content\/uploads\/2025\/11\/MG_3062_4c-495x400.jpg 495w, https:\/\/www.youngfilms.de\/wp-content\/uploads\/2025\/11\/MG_3062_4c-845x684.jpg 845w\" sizes=\"(max-width: 495px) 100vw, 495px\" \/><\/div><\/div><\/div><\/div><div class='av-flex-placeholder'><\/div><div class=\"flex_column av_one_half  flex_column_table_cell av-equal-height-column av-align-middle av-zero-column-padding   avia-builder-el-6  el_after_av_one_half  avia-builder-el-last  \" style='border-radius:0px; '><p><div  style='padding-bottom:10px; ' class='av-special-heading av-special-heading-h2  blockquote modern-quote  avia-builder-el-7  el_before_av_textblock  avia-builder-el-first  '><h2 class='av-special-heading-tag '  itemprop=\"headline\"  >Henning Windelband<\/h2><div class ='av-subheading av-subheading_below  ' style='font-size:15px;'><p>CEO, PRODUZENT UND REGISSEUR<\/p>\n<\/div><div class='special-heading-border'><div class='special-heading-inner-border' ><\/div><\/div><\/div><br \/>\n<section class=\"av_textblock_section \"  itemscope=\"itemscope\" itemtype=\"https:\/\/schema.org\/CreativeWork\" ><div class='avia_textblock  '   itemprop=\"text\" ><p>Henning Windelband, Gesch\u00e4ftsf\u00fchrer, Produzent und Regisseur bei youngfilms, pr\u00e4gt die Filmindustrie seit 1992. Nach der Gr\u00fcndung einer Postproduktionsfirma und seiner ersten Werbefilmproduktion gr\u00fcndete Windelband 2004 youngfilms mit dem Fokus auf Inhalte f\u00fcr ein junges Publikum.<\/p>\n<p>Er f\u00fchrte Regie bei der erfolgreichen Zeichentrickserie \u201eConni\u201c, die seit 2012 und 2015 ausgestrahlt wird und bis heute Zuschauer in mehr als 127 L\u00e4ndern erreicht.<\/p>\n<\/div><\/section><\/p><\/div><\/div><!--close column table wrapper. Autoclose: 1 --><\/div><\/div><\/div><!-- close content main div --><\/div><\/div><div id='after_section_3'  class='main_color av_default_container_wrap container_wrap sidebar_right' style=' '  ><div class='container' ><div class='template-page content  av-content-small alpha units'><div class='post-entry post-entry-type-page post-entry-1269'><div class='entry-content-wrapper clearfix'><\/p>\n","protected":false},"excerpt":{"rendered":"","protected":false},"author":2,"featured_media":0,"parent":0,"menu_order":0,"comment_status":"closed","ping_status":"closed","template":"","meta":{"footnotes":""},"class_list":["post-1269","page","type-page","status-publish","hentry"],"_links":{"self":[{"href":"https:\/\/www.youngfilms.de\/de\/wp-json\/wp\/v2\/pages\/1269","targetHints":{"allow":["GET"]}}],"collection":[{"href":"https:\/\/www.youngfilms.de\/de\/wp-json\/wp\/v2\/pages"}],"about":[{"href":"https:\/\/www.youngfilms.de\/de\/wp-json\/wp\/v2\/types\/page"}],"author":[{"embeddable":true,"href":"https:\/\/www.youngfilms.de\/de\/wp-json\/wp\/v2\/users\/2"}],"replies":[{"embeddable":true,"href":"https:\/\/www.youngfilms.de\/de\/wp-json\/wp\/v2\/comments?post=1269"}],"version-history":[{"count":10,"href":"https:\/\/www.youngfilms.de\/de\/wp-json\/wp\/v2\/pages\/1269\/revisions"}],"predecessor-version":[{"id":3453,"href":"https:\/\/www.youngfilms.de\/de\/wp-json\/wp\/v2\/pages\/1269\/revisions\/3453"}],"wp:attachment":[{"href":"https:\/\/www.youngfilms.de\/de\/wp-json\/wp\/v2\/media?parent=1269"}],"curies":[{"name":"wp","href":"https:\/\/api.w.org\/{rel}","templated":true}]}}