{"id":3,"date":"2020-11-10T20:32:35","date_gmt":"2020-11-10T19:32:35","guid":{"rendered":"https:\/\/www.youngfilms.de\/?page_id=3"},"modified":"2021-03-25T16:14:44","modified_gmt":"2021-03-25T15:14:44","slug":"datenschutzerklaerung","status":"publish","type":"page","link":"https:\/\/www.youngfilms.de\/de\/datenschutzerklaerung\/","title":{"rendered":"Datenschutzerkl\u00e4rung"},"content":{"rendered":"\r\n<section>\r\n<div class=\"vc_row iva_vc_row wpb_row vc_row-fluid\">\r\n<div class=\"bg_color \">\r\n<div class=\"vc_col-sm-12 wpb_column vc_column_container \">\r\n<div class=\"wpb_wrapper\">\r\n<div class=\"wpb_text_column wpb_content_element \">\r\n<div class=\"wpb_wrapper\">\r\n<h1 class=\"wp-block-heading\">Datenschutzbestimmungen<\/h1>\r\n<p>&nbsp;<\/p>\r\n<\/div>\r\n<\/div>\r\n<\/div>\r\n<\/div>\r\n<\/div>\r\n<\/div>\r\n<\/section>\r\n<section>\r\n<div class=\"vc_row iva_vc_row wpb_row vc_row-fluid\">\r\n<div class=\"bg_color \">\r\n<div class=\"vc_col-sm-12 wpb_column vc_column_container \">\r\n<div class=\"wpb_wrapper\">\r\n<div class=\"wpb_text_column wpb_content_element \">\r\n<div class=\"wpb_wrapper\">\r\n<p>Die folgenden Informationen zum Datenschutz informieren Sie \u00fcber die Verarbeitung personenbezogener Daten bei Ihrer Nutzung der Website www.youngfilms.de<\/p>\r\n<p><b>1. Name und Kontaktdaten des f\u00fcr die Verarbeitung Verantwortlichen<\/b><\/p>\r\n<p>Verantwortlicher:<\/p>\r\n<p>Henning Windelband<br \/>youngfilms GmbH &amp; Co. KG<br \/>Dorotheenstrasse 95<br \/>22301 Hamburg<\/p>\r\n<p>Telefon: +49 40 \u2013 851 069 \u2013 55<br \/>E-Mail:\u00a0 <a href=\"mailto:h.windelband@youngfilms.de\">h.windelband@youngfilms.de<\/a><\/p>\r\n<p><b>2. Erhebung und Speicherung personenbezogener Daten sowie Art und Zweck von deren Verwendung<\/b><\/p>\r\n<p>a) Beim Besuch der Website<\/p>\r\n<p>Beim Aufrufen unserer Website www.youngfilms.de werden durch den auf Ihrem Endger\u00e4t zum Einsatz kommenden Browser automatisch Informationen an den Server unserer Website gesendet. Diese Informationen werden tempor\u00e4r in einem sog. Logfile gespeichert. Folgende Informationen werden dabei ohne Ihr Zutun erfasst und je nach den von Ihnen vorgenommenen Browsereinstellungen entweder nach der vorgegebenen Dauer automatisch gel\u00f6st oder bleiben gespeichert (Die L\u00f6schung kann auch jederzeit manuell erfolgen):<\/p>\r\n<p>\u2022 IP-Adresse des anfragenden Rechners,<br \/>\u2022 Datum und Uhrzeit des Zugriffs,<br \/>\u2022 Name und URL der abgerufenen Datei,<br \/>\u2022 Website, von der aus der Zugriff erfolgt (Referrer-URL),<br \/>\u2022 verwendeter Browser und Betriebssystem Ihres Rechners sowie der Name Ihres Access-Providers.<\/p>\r\n<p>Die genannten Daten werden durch uns zu folgenden Zwecken verarbeitet:<\/p>\r\n<p>\u2022 Gew\u00e4hrleistung eines reibungslosen Verbindungsaufbaus der Website,<br \/>\u2022 Gew\u00e4hrleistung einer komfortablen Nutzung unserer Website,<br \/>\u2022 Auswertung der Systemsicherheit und -stabilit\u00e4t sowie<br \/>\u2022 zu weiteren administrativen Zwecken.<\/p>\r\n<p>Die Rechtsgrundlage f\u00fcr die Datenverarbeitung ist Art. 6 Abs. 1 S. 1 lit. f DSGVO. Unser berechtigtes Interesse folgt aus oben aufgelisteten Zwecken zur Datenerhebung. Wir verwenden die erhobenen Daten nicht zu dem Zweck, R\u00fcckschl\u00fcsse auf Ihre Person zu ziehen. Es erfolgt auch keine Zusammenf\u00fchrung dieser Daten mit anderen. Wir behalten uns jedoch vor, die Logfiles nachtr\u00e4glich zu pr\u00fcfen, wenn uns konkrete Anhaltspunkte f\u00fcr eine rechtswidrige Nutzung bekannt werden.<\/p>\r\n<p>Dar\u00fcber hinaus setzen wir beim Besuch unserer Website Cookies ein. N\u00e4here Erl\u00e4uterungen dazu erhalten Sie unter Ziff. 3 dieser Datenschutzbestimmungen.<\/p>\r\n<p>&nbsp;<\/p>\r\n<p><b>3. Cookies\u00a0<\/b><\/p>\r\n<p>Wir setzen auf unserer Seite Cookies ein. Hierbei handelt es sich um kleine Dateien, die Ihr Browser automatisch erstellt und die auf Ihrem Endger\u00e4t (Laptop, Tablet, Smartphone o.\u00e4.) gespeichert werden, wenn Sie unsere Seite besuchen. Cookies richten auf Ihrem Endger\u00e4t keinen Schaden an, enthalten keine Viren, Trojaner oder sonstige Schadsoftware. Cookies enthalten charakteristische Zeichenfolgen, die eine eindeutige Identifizierung des Browsers beim erneuten Aufrufen der Website erm\u00f6glicht. Dies bedeutet jedoch nicht, dass wir dadurch unmittelbar Kenntnis von Ihrer Identit\u00e4t erhalten. Der Einsatz von Cookies dient einerseits dazu, die Nutzung unseres Angebots f\u00fcr Sie angenehmer zu gestalten. So setzen wir sogenannte Session-Cookies ein, um zu erkennen, dass Sie einzelne Seiten unserer Website bereits besucht haben. Diese werden nach Verlassen unserer Seite automatisch gel\u00f6scht.<\/p>\r\n<p>Dar\u00fcber hinaus setzen wir ebenfalls zur Optimierung der Benutzerfreundlichkeit tempor\u00e4re Cookies ein, die f\u00fcr einen bestimmten festgelegten Zeitraum auf Ihrem Endger\u00e4t gespeichert werden. Besuchen Sie unsere Seite erneut, um unsere Dienste in Anspruch zu nehmen, wird automatisch erkannt, dass Sie bereits bei uns waren und welche Eingaben und Einstellungen sie get\u00e4tigt haben, um diese nicht noch einmal eingeben zu m\u00fcssen. Zum anderen setzten wir Cookies ein, um die Nutzung unserer Website statistisch zu erfassen und zum Zwecke der Optimierung unseres Angebotes f\u00fcr Sie auszuwerten (s.a. Analyse-Tools). Diese Cookies erm\u00f6glichen es uns, bei einem erneuten Besuch unserer Seite automatisch zu erkennen, dass Sie bereits bei uns waren. Diese Cookies werden nach einer jeweils definierten Zeit automatisch gel\u00f6scht.<\/p>\r\n<p>Die durch Cookies verarbeiteten Daten sind f\u00fcr die genannten Zwecke zur Wahrung unserer berechtigten Interessen sowie der Dritter nach Art. 6 Abs. 1 S. 1 lit. f DSGVO erforderlich.<\/p>\r\n<p>Die meisten Browser akzeptieren Cookies automatisch. Sie k\u00f6nnen Ihren Browser jedoch so konfigurieren, dass keine Cookies auf Ihrem Computer gespeichert werden oder stets ein Hinweis erscheint, bevor ein neuer Cookie angelegt wird. Bereits gespeicherte Cookies k\u00f6nnen jederzeit gel\u00f6scht werden. Die vollst\u00e4ndige Deaktivierung von Cookies kann jedoch dazu f\u00fchren, dass Sie nicht alle Funktionen unserer Website nutzen k\u00f6nnen.<\/p>\r\n<p>&nbsp;<\/p>\r\n<p><b>4. Social Links\u00a0<\/b><\/p>\r\n<p>Wir setzen auf unserer Website auf Grundlage des Art. 6 Abs. 1 S. 1 lit. f DSGVO sog. Social Links der sozialen Netzwerke Facebook und LinkedIn ein, um unser Angebot hier\u00fcber bekannter und f\u00fcr die Nutzer interessanter zu machen. Der dahinterstehende werbliche Zweck ist als berechtigtes Interesse im Sinne der DSGVO anzusehen. Die Verantwortung f\u00fcr den datenschutzkonformen Betrieb ist durch den jeweiligen Anbieter der Social Links zu gew\u00e4hrleisten. Den Anbieter des Social Links erkennen Sie \u00fcber die Markierung auf dem Kasten \u00fcber seinen Anfangsbuchstaben oder das Logo.<\/p>\r\n<p>Um Ihre personenbezogenen Daten zu sch\u00fctzen, nutzen wir bei der Einbindung der Social Media Links die sog. Shariff-L\u00f6sung der Heise Medien Gmbh &amp; Co. KG. Die Einbindung dieser L\u00f6sung sorgt daf\u00fcr, dass allein durch Ihren Besuch unserer Website noch keine personenbezogenen Daten an die Anbieter der einzelnen Social Links weitergegeben werden, Erst wenn Sie eines der Social Links anklicken, k\u00f6nnen Daten an den jeweiligen Anbieter \u00fcbertragen und dort gespeichert werden. N\u00e4heres zur Shariff-L\u00f6sung finden Sie unter:<\/p>\r\n<p>http:\/\/m.heise.de\/ct\/artikel\/Shariff-Social-Media-Buttons-mit-Datenschutz-2467514.html<\/p>\r\n<p>Wenn Sie sich dazu entscheiden, \u00fcber den Button direkt mit dem Anbieter des Social Links zu kommunizieren, indem Sie auf das markierte Feld klicken und es dadurch aktivieren, erh\u00e4lt der Social Link Anbieter die Information, dass Sie die entsprechende Website unseres Online-Angebots aufgerufen haben. Zudem werden die unter Ziff. 2 a) dieser Erkl\u00e4rung genannten Daten \u00fcbermittelt. Durch die Aktivierung des Social Links werden also personenbezogene Daten von Ihnen an den jeweiligen Social Media Anbieter \u00fcbermittelt und dort (bei US-amerikanischen Anbietern in den USA) gespeichert. Im Fall von Facebook wird hingegen nach Angaben der jeweiligen Anbieter in Deutschland die IP-Adresse sofort nach Erhebung anonymisiert. Da die Social Media\u00a0Anbieter die Datenerhebung insbesondere \u00fcber Cookies vornehmen, empfehlen wir Ihnen, vor dem Klick auf den ausgegrauten Kasten \u00fcber die Sicherheitseinstellungen Ihres Browsers alle Cookies zu l\u00f6schen.<\/p>\r\n<p>Wir haben weder Einfluss auf die erhobenen Daten und Datenverarbeitungsvorg\u00e4nge, noch sind uns der volle Umfang der Datenerhebung, die Zwecke der Verarbeitung, die Speicherfristen bekannt. Auch zur L\u00f6schung der erhobenen Daten durch den Social Media Anbieter liegen uns keine Informationen vor.<\/p>\r\n<p>Der jeweilige Social Media Anbieter speichert die \u00fcber Sie erhobenen Daten als Nutzungsprofile und nutzt diese f\u00fcr Zwecke der Werbung, Marktforschung und\/oder bedarfsgerechten Gestaltung seiner Website. Eine solche Auswertung erfolgt insbesondere (auch f\u00fcr nicht eingeloggte Nutzer) zur Darstellung von bedarfsgerechter Werbung und um andere Nutzer des sozialen Netzwerks \u00fcber Ihre Aktivit\u00e4ten auf unserer Website zu informieren. Ihnen steht ein Widerspruchsrecht gegen die Bildung dieser Nutzerprofile zu, wobei Sie sich zur Aus\u00fcbung dessen an den jeweiligen Social Media Anbieter wenden m\u00fcssen.<\/p>\r\n<p>Eine \u00dcbermittlung von Daten erfolgt unabh\u00e4ngig davon, ob Sie ein Konto bei dem Social Media Anbieter besitzen und dort eingeloggt sind. Wenn Sie bei dem Social Media Anbieter eingeloggt sind, werden Ihre bei uns erhobenen Daten direkt Ihrem beim Social Media Anbieter bestehenden Konto zugeordnet. Wenn Sie den aktivierten Button bet\u00e4tigen und z. B. die Seite verlinken, speichert der Social Media Anbieter auch diese Information in Ihrem Nutzerkonto und teilt sie Ihren Kontakten \u00f6ffentlich mit. Wenn Sie nicht m\u00f6chten, dass Anbieter von Social Media die \u00fcber unseren Webauftritt gesammelten Daten unmittelbar Ihrem Profil in dem jeweiligen Dienst zuordnen, m\u00fcssen Sie sich vor dem Aktivieren der Social Links bei dem entsprechenden Dienst ausloggen.<\/p>\r\n<p>Weitere Informationen zu Zweck und Umfang der Datenerhebung und ihrer Verarbeitung durch den Social Media Anbieter erhalten Sie in den im Folgenden mitgeteilten Datenschutzbestimmungen dieser Anbieter. Dort erhalten Sie auch weitere Informationen zu Ihren diesbez\u00fcglichen Rechten und Einstellungsm\u00f6glichkeiten zum Schutze Ihrer Privatsph\u00e4re.<\/p>\r\n<p>Adressen der jeweiligen Social Media Anbieter und URL mit deren Datenschutzhinweisen:<\/p>\r\n<p>\u2022 Facebook Inc., 1601 S California Ave, Palo Alto, California 94304, USA; <a href=\"http:\/\/www.facebook.com\/policy.php\">http:\/\/www.facebook.com\/policy.php<\/a>;<\/p>\r\n<p>weitere Informationen zur Datenerhebung: <a href=\"http:\/\/www.facebook.com\/help\/186325668085084\">http:\/\/www.facebook.com\/help\/186325668085084<\/a>, <a href=\"http:\/\/www.facebook.com\/about\/privacy\/your-info-on-other#applications\">http:\/\/www.facebook.com\/about\/privacy\/your-info-on-other#applications<\/a> sowie http:\/\/www.facebook.com\/about\/privacy\/your-info#everyoneinfo.<\/p>\r\n<p>Facebook hat sich dem EU-US-Privacy-Shield unterworfen, wodurch die Einhaltung des in der EU geltenden Datenschutzniveaus gew\u00e4hrleistet wird.<br \/><a href=\"https:\/\/www.privacyshield.gov\/EU-US-Framework\">https:\/\/www.privacyshield.gov\/EU-US-Framework<\/a>.<\/p>\r\n<p>\u2022 LinkedIn Ireland Unlimited Company, Wilton Place, Dublin 2, Irland<br \/>LinkedIn hat sich dem EU-US-Privacy-Shield unterworfen, wodurch die Einhaltung des in der EU geltenden Datenschutzniveaus gew\u00e4hrleistet wird.<br \/><a href=\"https:\/\/www.linkedin.com\/legal\/privacy-policy?trk=hb_ft_priv\">https:\/\/www.linkedin.com\/legal\/privacy-policy?trk=hb_ft_priv<\/a><\/p>\r\n<p>&nbsp;<\/p>\r\n<p><b>5. Google Maps<\/b><\/p>\r\n<p>Auf dieser Webseite nutzen wir das Angebot von Google Maps von Google LLC, 1600 Amphitheatre Parkway, Mountain View, CA 94043, USA (\u201eGoogle\u201c). Dadurch k\u00f6nnen wir Ihnen interaktive Karten direkt in der Website anzeigen, um Ihnen so eine einfachere Orientierung und Anfahrt zu uns zu erm\u00f6glichen.<\/p>\r\n<p>Allein durch den Aufruf der Unterseiten, auf denen Google Maps eingebunden ist, werden Informationen \u00fcber Ihre Nutzung unserer Website, insb. Ihre IP-Adresse, an Server von Google in den USA \u00fcbermittelt und dort gespeichert. Dies erfolgt unabh\u00e4ngig davon, ob Google ein Nutzerkonto bereitstellt, \u00fcber das Sie eingeloggt sind, oder ob kein Nutzerkonto besteht. Wenn Sie bei Google eingeloggt sind, werden Ihre Daten direkt Ihrem Konto zugeordnet. Wenn Sie die Zuordnung mit Ihrem Profil bei Google nicht w\u00fcnschen, m\u00fcssen Sie sich vor Aufruf der Unterseite, in der Google Maps eingebunden ist, ausloggen. Google speichert Ihre Daten als Nutzungsprofile und nutzt sie f\u00fcr Zwecke der Werbung, Marktforschung und\/oder bedarfsgerechten Gestaltung seiner Website. Eine solche Auswertung erfolgt insbesondere (selbst f\u00fcr nicht eingeloggte Nutzer) zur Erbringung von bedarfsgerechter Werbung und um andere Nutzer des sozialen Netzwerks \u00fcber Ihre Aktivit\u00e4ten auf unserer Website zu informieren. Ihnen steht ein Widerspruchsrecht zu gegen die Bildung dieser Nutzerprofile, wobei Sie sich zur Aus\u00fcbung dessen an Google richten m\u00fcssen.<\/p>\r\n<p>Google verarbeitet Ihre personenbezogenen Daten auch in den USA und hat sich dem EU-US Privacy Shield unterworfen, <a href=\"https:\/\/www.privacyshield.gov\/EU-US-Framework\">https:\/\/www.privacyshield.gov\/EU-US-Framework<\/a>, wodurch die Einhaltung des in der EU geltenden Datenschutzniveaus gew\u00e4hrleistet wird.<\/p>\r\n<p>Weitere Informationen zu Zweck und Umfang der Datenerhebung und ihrer Verarbeitung durch Google Maps erhalten Sie in den Datenschutzbestimmungen von Google. Dort erhalten Sie auch weitere Informationen zu Ihren diesbez\u00fcglichen Rechten und Einstellungsm\u00f6glichkeiten zum Schutze Ihrer Privatsph\u00e4re: <a href=\"http:\/\/www.google.de\/intl\/de\/policies\/privacy\">http:\/\/www.google.de\/intl\/de\/policies\/privacy<\/a>.<\/p>\r\n<p>&nbsp;<\/p>\r\n<p><b>4. Betroffenenrechte<\/b><\/p>\r\n<p>Werden personenbezogene Daten von Ihnen verarbeitet, sind Sie Betroffener i.S.d. DSGVO und es stehen Ihnen folgende Rechte gegen\u00fcber dem Verantwortlichen zu:<\/p>\r\n<p>\u2022 gem\u00e4\u00df Art. 15 DSGVO Auskunft \u00fcber Ihre von uns verarbeiteten personenbezogenen Daten zu verlangen. Insbesondere k\u00f6nnen Sie Auskunft \u00fcber die Verarbeitungszwecke, die Kategorie der personenbezogenen Daten, die Kategorien von Empf\u00e4ngern, gegen\u00fcber denen Ihre Daten offengelegt wurden oder werden, die geplante Speicherdauer, das Bestehen eines Rechts auf Berichtigung, L\u00f6schung, Einschr\u00e4nkung der Verarbeitung oder Widerspruch, das Bestehen eines Beschwerderechts, die Herkunft Ihrer Daten, sofern diese nicht bei uns erhoben wurden, sowie \u00fcber das Bestehen einer automatisierten Entscheidungsfindung einschlie\u00dflich Profiling und ggf. aussagekr\u00e4ftigen Informationen zu deren Einzelheiten verlangen;<br \/>\u2022 gem\u00e4\u00df Art. 16 DSGVO unverz\u00fcglich die Berichtigung unrichtiger oder Vervollst\u00e4ndigung Ihrer bei uns gespeicherten personenbezogenen Daten zu verlangen;<br \/>\u2022 gem\u00e4\u00df Art. 17 DSGVO die L\u00f6schung Ihrer bei uns gespeicherten personenbezogenen Daten zu verlangen, soweit nicht die Verarbeitung zur Aus\u00fcbung des Rechts auf freie Meinungs\u00e4u\u00dferung und Information, zur Erf\u00fcllung einer rechtlichen Verpflichtung, aus Gr\u00fcnden des \u00f6ffentlichen Interesses oder zur Geltendmachung, Aus\u00fcbung oder Verteidigung von Rechtsanspr\u00fcchen erforderlich ist;<br \/>\u2022 gem\u00e4\u00df Art. 18 DSGVO die Einschr\u00e4nkung der Verarbeitung Ihrer personenbezogenen Daten zu verlangen, soweit die Richtigkeit der Daten von Ihnen bestritten wird, die Verarbeitung unrechtm\u00e4\u00dfig ist, die aber deren L\u00f6schung ablehnen und wir die Daten nicht mehr ben\u00f6tigen, Sie jedoch diese zur Geltendmachung, Aus\u00fcbung oder Verteidigung von Rechtsanspr\u00fcchen ben\u00f6tigen oder Sie gem\u00e4\u00df Art. 21 DSGVO Widerspruch gegen die Verarbeitung eingelegt haben;<br \/>\u2022 gem\u00e4\u00df Art. 20 DSGVO Ihre personenbezogenen Daten, die Sie uns bereitgestellt haben, in einem strukturierten, g\u00e4ngigen und maschinenlesebaren Format zu erhalten oder die \u00dcbermittlung an einen anderen Verantwortlichen zu verlangen;<br \/>\u2022 gem\u00e4\u00df Art. 7 Abs. 3 DSGVO Ihre einmal erteilte Einwilligung jederzeit gegen\u00fcber uns zu widerrufen. Dies hat zur Folge, dass wir die Datenverarbeitung, die auf dieser Einwilligung beruhte, f\u00fcr die Zukunft nicht mehr fortf\u00fchren d\u00fcrfen;<br \/>\u2022 gem\u00e4\u00df Art. 77 DSGVO sich bei einer Aufsichtsbeh\u00f6rde zu beschweren. In der Regel k\u00f6nnen Sie sich hierf\u00fcr an die Aufsichtsbeh\u00f6rde Ihres \u00fcblichen Aufenthaltsortes oder Arbeitsplatzes oder unseres Unternehmenssitzes wenden.<\/p>\r\n<p>&nbsp;<\/p>\r\n<p><b>5. Widerspruchsrecht<\/b><\/p>\r\n<p>Sie haben gem\u00e4\u00df Art. 21 Abs. 1 DSGVO das Recht, aus Gr\u00fcnden, die sich aus ihrer besonderen Situation ergeben, jederzeit gegen eine Verarbeitung Sie betreffender personenbezogener Daten, die aufgrund von Art. 6 Abs. 1 lit. f DSGVO erfolgt, Widerspruch einzulegen; dies gilt auch f\u00fcr ein auf diese Bestimmung gest\u00fctztes Profiling. Bei Aus\u00fcbung dieses Widerspruchs haben Sie uns Ihre pers\u00f6nlichen Gr\u00fcnde darzulegen, weshalb wir Ihre personenbezogenen Daten nicht verarbeiten sollten. Wir werden Ihren Widerspruch pr\u00fcfen und\u00a0 entweder die Datenverarbeitung einstellen bzw. anpassen oder Ihnen zwingende, schutzw\u00fcrdige Gr\u00fcnde unsererseits aufzeigen, aufgrund derer wir die Verarbeitung fortf\u00fchren d\u00fcrfen.<\/p>\r\n<p>Werden Sie betreffende personenbezogene Daten auf Grundlage des Art. 6 Abs. 1 lit. f DSGVO verarbeitet, um Direktwerbung zu betreiben, haben Sie gem\u00e4\u00df Art. 21 Abs. 2 DSGVO das Recht, jederzeit ohne Angabe von Gr\u00fcnden Widerspruch gegen die Verarbeitung der Sie betreffenden personenbezogenen Daten zum Zwecke derartiger Werbung einzulegen; dies gilt auch f\u00fcr das Profiling, soweit es mit solcher Direktwerbung in Verbindung steht. Widersprechen Sie der Verarbeitung f\u00fcr Zwecke der Direktwerbung, so werden wir die Sie betreffenden personenbezogenen Daten nicht mehr f\u00fcr diese Zwecke verarbeiten.<\/p>\r\n<p>Zur Aus\u00fcbung Ihres Widerspruchsrechts gen\u00fcgt eine E-Mail an <a href=\"mailto:h.windelband@youngfilms.de\">h.windelband@youngfilms.de<\/a><\/p>\r\n<p>F\u00fcr einzelne Arten der Datenverarbeitung k\u00f6nnen spezifische technische M\u00f6glichkeiten f\u00fcr die Aus\u00fcbung Ihres Widerrufs- oder Widerspruchsrechts bestehen. Hierauf haben wir Sie ggf. bereits bei der Erl\u00e4uterung der jeweiligen Datenverarbeitungsma\u00dfnahmen hingewiesen.<\/p>\r\n<p>&nbsp;<\/p>\r\n<p><b>6. Recht auf Widerruf einer Einwilligung<\/b><\/p>\r\n<p>Sie haben das Recht, eine einmal erteilte datenschutzrechtliche Einwilligungserkl\u00e4rung jederzeit zu widerrufen. Durch den Widerruf der Einwilligung wird die Rechtm\u00e4\u00dfigkeit der aufgrund der Einwilligung bis zum Widerruf erfolgten Verarbeitung nicht ber\u00fchrt.<\/p>\r\n<p>&nbsp;<\/p>\r\n<p><b>7. Datensicherheit\u00a0<\/b><\/p>\r\n<p>Wir bedienen uns im \u00dcbrigen geeigneter technischer und organisatorischer Sicherheitsma\u00dfnahmen, um Ihre Daten gegen zuf\u00e4llige oder vors\u00e4tzliche Manipulationen, teilweisen oder vollst\u00e4ndigen Verlust, Zerst\u00f6rung oder gegen den unbefugten Zugriff Dritter zu sch\u00fctzen. Unsere\u00a0 Sicherheitsma\u00dfnahmen werden entsprechend der technologischen Entwicklung fortlaufend verbessert.<\/p>\r\n<p>Zur Verhinderung unberechtigter Zugriffe Dritter auf Ihre pers\u00f6nlichen Daten wird der \u00dcbermittlungsvorgang (im Rahmen der Anfrageformulare) per SSL-Technologie verschl\u00fcsselt.<\/p>\r\n<p>&nbsp;<\/p>\r\n<p><b>8. Stand und \u00c4nderung dieser Datenschutzbestimmungen<\/b><\/p>\r\n<p>Diese Datenschutzbestimmungen sind aktuell g\u00fcltig und wurde zuletzt aktualisiert im Mai 2018.<\/p>\r\n<p>Durch die Weiterentwicklung unserer Website sowie aufgrund ge\u00e4nderter gesetzlicher oder beh\u00f6rdlicher Vorgaben k\u00f6nnen \u00c4nderungen dieser Datenschutzbestimmungen erforderlich werden. Die jeweils aktuellen Datenschutzbestimmungen finden Sie jederzeit auf unserer Website unter <a href=\"https:\/\/www.youngfilms.de\/impressum\/\">www.youngfilms.de\/impressum<\/a><\/p>\r\n<\/div>\r\n<\/div>\r\n<\/div>\r\n<\/div>\r\n<\/div>\r\n<\/div>\r\n<\/section>\r\n","protected":false},"excerpt":{"rendered":"<p>Datenschutzbestimmungen &nbsp; Die folgenden Informationen zum Datenschutz informieren Sie \u00fcber die Verarbeitung personenbezogener Daten bei Ihrer Nutzung der Website www.youngfilms.de 1. Name und Kontaktdaten des f\u00fcr die Verarbeitung Verantwortlichen Verantwortlicher: Henning Windelbandyoungfilms GmbH &amp; Co. KGDorotheenstrasse 9522301 Hamburg Telefon: +49 40 \u2013 851 069 \u2013 55E-Mail:\u00a0 h.windelband@youngfilms.de 2. Erhebung und Speicherung personenbezogener Daten sowie Art [&hellip;]<\/p>\n","protected":false},"author":2,"featured_media":0,"parent":0,"menu_order":0,"comment_status":"closed","ping_status":"open","template":"","meta":{"footnotes":""},"class_list":["post-3","page","type-page","status-publish","hentry"],"_links":{"self":[{"href":"https:\/\/www.youngfilms.de\/de\/wp-json\/wp\/v2\/pages\/3","targetHints":{"allow":["GET"]}}],"collection":[{"href":"https:\/\/www.youngfilms.de\/de\/wp-json\/wp\/v2\/pages"}],"about":[{"href":"https:\/\/www.youngfilms.de\/de\/wp-json\/wp\/v2\/types\/page"}],"author":[{"embeddable":true,"href":"https:\/\/www.youngfilms.de\/de\/wp-json\/wp\/v2\/users\/2"}],"replies":[{"embeddable":true,"href":"https:\/\/www.youngfilms.de\/de\/wp-json\/wp\/v2\/comments?post=3"}],"version-history":[{"count":4,"href":"https:\/\/www.youngfilms.de\/de\/wp-json\/wp\/v2\/pages\/3\/revisions"}],"predecessor-version":[{"id":1260,"href":"https:\/\/www.youngfilms.de\/de\/wp-json\/wp\/v2\/pages\/3\/revisions\/1260"}],"wp:attachment":[{"href":"https:\/\/www.youngfilms.de\/de\/wp-json\/wp\/v2\/media?parent=3"}],"curies":[{"name":"wp","href":"https:\/\/api.w.org\/{rel}","templated":true}]}}